{"id":15,"date":"2017-07-24T15:41:57","date_gmt":"2017-07-24T15:41:57","guid":{"rendered":"http:\/\/saintebarbe.skiclubmauricetieche.fr\/?page_id=15"},"modified":"2025-06-17T21:37:01","modified_gmt":"2025-06-17T21:37:01","slug":"contacts","status":"publish","type":"page","link":"https:\/\/www.foiredelasaintebarbe.fr\/?page_id=15","title":{"rendered":"Contacts"},"content":{"rendered":"\t\t<div data-elementor-type=\"wp-page\" data-elementor-id=\"15\" class=\"elementor elementor-15\">\n\t\t\t\t\t\t<section class=\"elementor-section elementor-top-section elementor-element elementor-element-7618d5a4 elementor-section-boxed elementor-section-height-default elementor-section-height-default\" data-id=\"7618d5a4\" data-element_type=\"section\" data-e-type=\"section\">\n\t\t\t\t\t\t<div class=\"elementor-container elementor-column-gap-default\">\n\t\t\t\t\t<div class=\"elementor-column elementor-col-100 elementor-top-column elementor-element elementor-element-3ca04e64\" data-id=\"3ca04e64\" data-element_type=\"column\" data-e-type=\"column\">\n\t\t\t<div class=\"elementor-widget-wrap elementor-element-populated\">\n\t\t\t\t\t\t<div class=\"elementor-element elementor-element-7ab421f0 elementor-widget elementor-widget-text-editor\" data-id=\"7ab421f0\" data-element_type=\"widget\" data-e-type=\"widget\" data-widget_type=\"text-editor.default\">\n\t\t\t\t<div class=\"elementor-widget-container\">\n\t\t\t\t\t\t\t\t\t<p>Hors p\u00e9riode de foire le bureau se r\u00e9unit, une fois par mois et plus r\u00e9guli\u00e8rement dans la p\u00e9riode pr\u00e9c\u00e9dant la foire.<\/p><p>Vous pouvez nous contacter par email : <a href=\"mailto:foraindesrues@foiredelasaintebarbe.fr\">foraindesrues@foiredelasaintebarbe.fr\u200b<\/a><\/p><p style=\"text-align: center;\">\u00a0<\/p><p>Uniquement pour les dossiers d&rsquo;inscriptions,\u00a0 une personne de la mairie r\u00e9pondra \u00e0 vos questions par t\u00e9l\u00e9phone :<\/p><ul><li><span style=\"color: #7ab3d9;\"><strong>Les lundis et mardis<\/strong><\/span>, de 8h00 \u00e0 12h00 et de 14h00 \u00e0 17h00.<\/li><li><span style=\"color: #7ab3d9;\"><strong>Le jeudi<\/strong><\/span>, et de 8h00 \u00e0 12h00.<span style=\"color: #7ab3d9;\"><strong><br \/><\/strong><\/span><\/li><\/ul><ul><li>Le <a href=\"mailto:contact@foiredelasaintebarbe.fr\">pr\u00e9sident<\/a> de la Foire de la Sainte Barbe.<\/li><li>La <a href=\"mailto:tresorier@foiredelasaintebarbe.fr\">tr\u00e9sori\u00e8re<\/a> de la Foire de la Sainte Barbe.<\/li><li>La responsable des inscriptions\u00a0pour les <a href=\"mailto:foraindesrues@foiredelasaintebarbe.fr\">forains des rues ou les stands commerciaux du dimanche<\/a>.<\/li><li>Le <a href=\"mailto:Webmaster@foiredelasaintebarbe.fr\">Webmaster<\/a> de ce site.<\/li><li>Le responsable des <a href=\"mailto:contact@foiredelasaintebarbe.fr\">man\u00e8ges<\/a> de la Foire de la Sainte-Barbe.<\/li><\/ul>\t\t\t\t\t\t\t\t<\/div>\n\t\t\t\t<\/div>\n\t\t\t\t\t<\/div>\n\t\t<\/div>\n\t\t\t\t\t<\/div>\n\t\t<\/section>\n\t\t\t\t<\/div>\n\t\t","protected":false},"excerpt":{"rendered":"<p>Hors p\u00e9riode de foire le bureau se r\u00e9unit, une fois par mois et plus r\u00e9guli\u00e8rement dans la p\u00e9riode pr\u00e9c\u00e9dant la foire. Vous pouvez nous contacter par email : foraindesrues@foiredelasaintebarbe.fr\u200b \u00a0 Uniquement pour les dossiers d&rsquo;inscriptions,\u00a0 une personne de la mairie r\u00e9pondra \u00e0 vos questions par t\u00e9l\u00e9phone : Les lundis et mardis, de 8h00 \u00e0 12h00 &hellip; <\/p>\n<p class=\"link-more\"><a href=\"https:\/\/www.foiredelasaintebarbe.fr\/?page_id=15\" class=\"more-link\">Continuer la lecture<span class=\"screen-reader-text\"> de &laquo;&nbsp;Contacts&nbsp;&raquo;<\/span><\/a><\/p>\n","protected":false},"author":1,"featured_media":0,"parent":0,"menu_order":0,"comment_status":"closed","ping_status":"closed","template":"","meta":{"footnotes":""},"class_list":["post-15","page","type-page","status-publish","hentry"],"yoast_head":"<!-- This site is optimized with the Yoast SEO plugin v27.2 - https:\/\/yoast.com\/product\/yoast-seo-wordpress\/ -->\n<title>Contacts - Foire de la Sainte Barbe<\/title>\n<meta name=\"robots\" content=\"index, follow, max-snippet:-1, max-image-preview:large, max-video-preview:-1\" \/>\n<link rel=\"canonical\" href=\"http:\/\/www.foiredelasaintebarbe.fr\/?page_id=15\" \/>\n<meta property=\"og:locale\" content=\"fr_FR\" \/>\n<meta property=\"og:type\" content=\"article\" \/>\n<meta property=\"og:title\" content=\"Contacts - Foire de la Sainte Barbe\" \/>\n<meta property=\"og:description\" content=\"Hors p\u00e9riode de foire le bureau se r\u00e9unit, une fois par mois et plus r\u00e9guli\u00e8rement dans la p\u00e9riode pr\u00e9c\u00e9dant la foire. Vous pouvez nous contacter par email : foraindesrues@foiredelasaintebarbe.fr\u200b \u00a0 Uniquement pour les dossiers d&rsquo;inscriptions,\u00a0 une personne de la mairie r\u00e9pondra \u00e0 vos questions par t\u00e9l\u00e9phone : Les lundis et mardis, de 8h00 \u00e0 12h00 &hellip; Continuer la lecture de &laquo;&nbsp;Contacts&nbsp;&raquo;\" \/>\n<meta property=\"og:url\" content=\"http:\/\/www.foiredelasaintebarbe.fr\/?page_id=15\" \/>\n<meta property=\"og:site_name\" content=\"Foire de la Sainte Barbe\" \/>\n<meta property=\"article:modified_time\" content=\"2025-06-17T21:37:01+00:00\" \/>\n<meta name=\"twitter:card\" content=\"summary_large_image\" \/>\n<meta name=\"twitter:label1\" content=\"Dur\u00e9e de lecture estim\u00e9e\" \/>\n\t<meta name=\"twitter:data1\" content=\"1 minute\" \/>\n<script type=\"application\/ld+json\" class=\"yoast-schema-graph\">{\"@context\":\"https:\/\/schema.org\",\"@graph\":[{\"@type\":\"WebPage\",\"@id\":\"http:\/\/www.foiredelasaintebarbe.fr\/?page_id=15\",\"url\":\"http:\/\/www.foiredelasaintebarbe.fr\/?page_id=15\",\"name\":\"Contacts - Foire de la Sainte Barbe\",\"isPartOf\":{\"@id\":\"http:\/\/www.foiredelasaintebarbe.fr\/#website\"},\"datePublished\":\"2017-07-24T15:41:57+00:00\",\"dateModified\":\"2025-06-17T21:37:01+00:00\",\"breadcrumb\":{\"@id\":\"http:\/\/www.foiredelasaintebarbe.fr\/?page_id=15#breadcrumb\"},\"inLanguage\":\"fr-FR\",\"potentialAction\":[{\"@type\":\"ReadAction\",\"target\":[\"http:\/\/www.foiredelasaintebarbe.fr\/?page_id=15\"]}]},{\"@type\":\"BreadcrumbList\",\"@id\":\"http:\/\/www.foiredelasaintebarbe.fr\/?page_id=15#breadcrumb\",\"itemListElement\":[{\"@type\":\"ListItem\",\"position\":1,\"name\":\"Accueil\",\"item\":\"http:\/\/www.foiredelasaintebarbe.fr\/\"},{\"@type\":\"ListItem\",\"position\":2,\"name\":\"Contacts\"}]},{\"@type\":\"WebSite\",\"@id\":\"http:\/\/www.foiredelasaintebarbe.fr\/#website\",\"url\":\"http:\/\/www.foiredelasaintebarbe.fr\/\",\"name\":\"Foire de la Sainte Barbe\",\"description\":\"\",\"publisher\":{\"@id\":\"http:\/\/www.foiredelasaintebarbe.fr\/#organization\"},\"potentialAction\":[{\"@type\":\"SearchAction\",\"target\":{\"@type\":\"EntryPoint\",\"urlTemplate\":\"http:\/\/www.foiredelasaintebarbe.fr\/?s={search_term_string}\"},\"query-input\":{\"@type\":\"PropertyValueSpecification\",\"valueRequired\":true,\"valueName\":\"search_term_string\"}}],\"inLanguage\":\"fr-FR\"},{\"@type\":\"Organization\",\"@id\":\"http:\/\/www.foiredelasaintebarbe.fr\/#organization\",\"name\":\"foire de la sainte-barbe\",\"url\":\"http:\/\/www.foiredelasaintebarbe.fr\/\",\"logo\":{\"@type\":\"ImageObject\",\"inLanguage\":\"fr-FR\",\"@id\":\"http:\/\/www.foiredelasaintebarbe.fr\/#\/schema\/logo\/image\/\",\"url\":\"http:\/\/www.foiredelasaintebarbe.fr\/wp-content\/uploads\/2017\/07\/saint-barbe-bleu-icon.jpg\",\"contentUrl\":\"http:\/\/www.foiredelasaintebarbe.fr\/wp-content\/uploads\/2017\/07\/saint-barbe-bleu-icon.jpg\",\"width\":512,\"height\":515,\"caption\":\"foire de la sainte-barbe\"},\"image\":{\"@id\":\"http:\/\/www.foiredelasaintebarbe.fr\/#\/schema\/logo\/image\/\"}}]}<\/script>\n<!-- \/ Yoast SEO plugin. -->","yoast_head_json":{"title":"Contacts - Foire de la Sainte Barbe","robots":{"index":"index","follow":"follow","max-snippet":"max-snippet:-1","max-image-preview":"max-image-preview:large","max-video-preview":"max-video-preview:-1"},"canonical":"http:\/\/www.foiredelasaintebarbe.fr\/?page_id=15","og_locale":"fr_FR","og_type":"article","og_title":"Contacts - Foire de la Sainte Barbe","og_description":"Hors p\u00e9riode de foire le bureau se r\u00e9unit, une fois par mois et plus r\u00e9guli\u00e8rement dans la p\u00e9riode pr\u00e9c\u00e9dant la foire. Vous pouvez nous contacter par email : foraindesrues@foiredelasaintebarbe.fr\u200b \u00a0 Uniquement pour les dossiers d&rsquo;inscriptions,\u00a0 une personne de la mairie r\u00e9pondra \u00e0 vos questions par t\u00e9l\u00e9phone : Les lundis et mardis, de 8h00 \u00e0 12h00 &hellip; Continuer la lecture de &laquo;&nbsp;Contacts&nbsp;&raquo;","og_url":"http:\/\/www.foiredelasaintebarbe.fr\/?page_id=15","og_site_name":"Foire de la Sainte Barbe","article_modified_time":"2025-06-17T21:37:01+00:00","twitter_card":"summary_large_image","twitter_misc":{"Dur\u00e9e de lecture estim\u00e9e":"1 minute"},"schema":{"@context":"https:\/\/schema.org","@graph":[{"@type":"WebPage","@id":"http:\/\/www.foiredelasaintebarbe.fr\/?page_id=15","url":"http:\/\/www.foiredelasaintebarbe.fr\/?page_id=15","name":"Contacts - Foire de la Sainte Barbe","isPartOf":{"@id":"http:\/\/www.foiredelasaintebarbe.fr\/#website"},"datePublished":"2017-07-24T15:41:57+00:00","dateModified":"2025-06-17T21:37:01+00:00","breadcrumb":{"@id":"http:\/\/www.foiredelasaintebarbe.fr\/?page_id=15#breadcrumb"},"inLanguage":"fr-FR","potentialAction":[{"@type":"ReadAction","target":["http:\/\/www.foiredelasaintebarbe.fr\/?page_id=15"]}]},{"@type":"BreadcrumbList","@id":"http:\/\/www.foiredelasaintebarbe.fr\/?page_id=15#breadcrumb","itemListElement":[{"@type":"ListItem","position":1,"name":"Accueil","item":"http:\/\/www.foiredelasaintebarbe.fr\/"},{"@type":"ListItem","position":2,"name":"Contacts"}]},{"@type":"WebSite","@id":"http:\/\/www.foiredelasaintebarbe.fr\/#website","url":"http:\/\/www.foiredelasaintebarbe.fr\/","name":"Foire de la Sainte Barbe","description":"","publisher":{"@id":"http:\/\/www.foiredelasaintebarbe.fr\/#organization"},"potentialAction":[{"@type":"SearchAction","target":{"@type":"EntryPoint","urlTemplate":"http:\/\/www.foiredelasaintebarbe.fr\/?s={search_term_string}"},"query-input":{"@type":"PropertyValueSpecification","valueRequired":true,"valueName":"search_term_string"}}],"inLanguage":"fr-FR"},{"@type":"Organization","@id":"http:\/\/www.foiredelasaintebarbe.fr\/#organization","name":"foire de la sainte-barbe","url":"http:\/\/www.foiredelasaintebarbe.fr\/","logo":{"@type":"ImageObject","inLanguage":"fr-FR","@id":"http:\/\/www.foiredelasaintebarbe.fr\/#\/schema\/logo\/image\/","url":"http:\/\/www.foiredelasaintebarbe.fr\/wp-content\/uploads\/2017\/07\/saint-barbe-bleu-icon.jpg","contentUrl":"http:\/\/www.foiredelasaintebarbe.fr\/wp-content\/uploads\/2017\/07\/saint-barbe-bleu-icon.jpg","width":512,"height":515,"caption":"foire de la sainte-barbe"},"image":{"@id":"http:\/\/www.foiredelasaintebarbe.fr\/#\/schema\/logo\/image\/"}}]}},"_links":{"self":[{"href":"https:\/\/www.foiredelasaintebarbe.fr\/index.php?rest_route=\/wp\/v2\/pages\/15","targetHints":{"allow":["GET"]}}],"collection":[{"href":"https:\/\/www.foiredelasaintebarbe.fr\/index.php?rest_route=\/wp\/v2\/pages"}],"about":[{"href":"https:\/\/www.foiredelasaintebarbe.fr\/index.php?rest_route=\/wp\/v2\/types\/page"}],"author":[{"embeddable":true,"href":"https:\/\/www.foiredelasaintebarbe.fr\/index.php?rest_route=\/wp\/v2\/users\/1"}],"replies":[{"embeddable":true,"href":"https:\/\/www.foiredelasaintebarbe.fr\/index.php?rest_route=%2Fwp%2Fv2%2Fcomments&post=15"}],"version-history":[{"count":13,"href":"https:\/\/www.foiredelasaintebarbe.fr\/index.php?rest_route=\/wp\/v2\/pages\/15\/revisions"}],"predecessor-version":[{"id":2606,"href":"https:\/\/www.foiredelasaintebarbe.fr\/index.php?rest_route=\/wp\/v2\/pages\/15\/revisions\/2606"}],"wp:attachment":[{"href":"https:\/\/www.foiredelasaintebarbe.fr\/index.php?rest_route=%2Fwp%2Fv2%2Fmedia&parent=15"}],"curies":[{"name":"wp","href":"https:\/\/api.w.org\/{rel}","templated":true}]}}