{"id":19,"date":"2017-07-24T15:47:00","date_gmt":"2017-07-24T15:47:00","guid":{"rendered":"http:\/\/saintebarbe.skiclubmauricetieche.fr\/?page_id=19"},"modified":"2019-10-17T18:55:09","modified_gmt":"2019-10-17T18:55:09","slug":"questions","status":"publish","type":"page","link":"https:\/\/www.foiredelasaintebarbe.fr\/?page_id=19","title":{"rendered":"Questions"},"content":{"rendered":"<ul>\n<li><span style=\"color: #165380;\"><strong>Est-ce-que je peux venir installer mon stand le samedi soir si je souhaite un stand commercial ?<\/strong><\/span><\/li>\n<\/ul>\n<p>Malheureusement non, l&rsquo;installation des forains des rues est pr\u00e9vue d\u00e8s 5h du matin et uniquement avec le carton laisser-passer qui vous sera remis lors de votre inscription. Les routes destin\u00e9es\u00a0\u00e0 la foire sont ferm\u00e9es\u00a0\u00e0 la circulation d\u00e8s le samedi soir\u00a0\u00e0 partir de 20h.<\/p>\n<ul>\n<li><span style=\"color: #3366ff;\"><strong><span style=\"color: #165380;\">Est-ce qu\u2019il est possible d&rsquo;acheter sur les diff\u00e9rents salons ?<\/span><\/strong><\/span><\/li>\n<\/ul>\n<p>Oui, aussi bien les producteurs r\u00e9gionaux que les viticulteurs se feront un plaisir de vous faire d\u00e9guster leurs produits, avec mod\u00e9ration bien s\u00fbr, et pourquoi pas si vous \u00eates conquis vous pourrez acheter directement aupr\u00e8s d&rsquo;eux tout ce que vous souhaitez.<\/p>\n<ul>\n<li><span style=\"color: #165380;\"><strong>Je viens pour les trois jours, o\u00f9 puis-je dormir ?<\/strong><\/span><\/li>\n<\/ul>\n<p>En partant de Collonges sous Sal\u00e8ve direction Annecy, \u00e0 Neydens, il y a <a href=\"http:\/\/www.camping-la-colombiere.com\/\">la Colombi\u00e8re<\/a>, camping 4 \u00e9toiles et location de chalet.<\/p>\n<p>A Collonges sous Sal\u00e8ve, il y a deux h\u00f4tels, ils se situent sur la route d\u00e9partementale direction St-Julien-en-Genevois. Une petite balade p\u00e9destre de\u00a010 minutes, \u00a0vous am\u00e8nera directement au salon.<\/p>\n<p>D&rsquo;autres h\u00f4tels sont disponibles \u00e0 Saint-Julien-en-Genevois, Business Park d&rsquo;Archamps IBIS et Best Western ou encore Gaillard, 10 \u00e0 15 min de trajet en voiture.<\/p>\n<ul>\n<li><span style=\"color: #165380;\"><strong>Est-ce qu&rsquo;il est possible d&rsquo;avoir une place dans les rues commerciales,\u00a0le dimanche matin en arrivant avant l&rsquo;ouverture \u00e0 9h00 ?<\/strong><\/span><\/li>\n<\/ul>\n<p>Oui, si des places restent disponibles et avec un tarif\u00a0 plus important. Vous ne pourrez pas choisir votre place ou vous placer de vous-m\u00eame. Il faudra vous pr\u00e9senter sur le parking du march\u00e9 \u00e0 5h30, en possession de tous les documents requis (consultez la page inscription de notre site) afin de vous enregistrer, pour que l&rsquo;on puisse vous attribuer votre num\u00e9ro de place et vous donner votre laisser-passer.<\/p>\n<ul>\n<li><span style=\"color: #165380;\"><strong>A quelle heure<\/strong> <strong>terminent les forains des rues le dimanche ?<\/strong><\/span><\/li>\n<\/ul>\n<p>Les commer\u00e7ants des rues et des salons exposent jusqu&rsquo;\u00e0 18h00 voire m\u00eame 18h30.<\/p>\n<ul>\n<li><span style=\"color: #165380;\"><strong>Pouvons-nous circuler dans les rues le dimanche\u00a0?<\/strong><\/span><\/li>\n<\/ul>\n<p>Le dimanche sur l&rsquo;itin\u00e9raire de la Foire, la circulation sera coup\u00e9e de 5h00 \u00e0 18h00. Le samedi soir d\u00e8s 20h00 jusqu&rsquo;\u00e0 5h00 le dimanche matin. Les habitants peuvent passer aux barri\u00e8res gard\u00e9es. Les barri\u00e8res garantissent l&rsquo;installation des exposants \u00e0 partir de 5h00, le dimanche matin seulement.<\/p>\n<ul>\n<li><span style=\"color: #165380;\"><strong>Je suis un particulier \/ une association de Collonges, est-ce-que je peux participer\u00a0\u00e0 la foire commer\u00e7ante du dimanche ?<\/strong><\/span><\/li>\n<\/ul>\n<p>Oui, la foire vous est ouverte, il vous faut n\u00e9anmoins remplir les conditions pr\u00e9vues dans le bulletin d&rsquo;inscription et respecter le r\u00e8glement. Vous avez le choix de tenir un stand soit dans le salon des petits cr\u00e9ateurs durant les 3 jours, soit un stand commercial dans les rues de Collonges le dimanche.<\/p>\n","protected":false},"excerpt":{"rendered":"<p>Est-ce-que je peux venir installer mon stand le samedi soir si je souhaite un stand commercial ? Malheureusement non, l&rsquo;installation des forains des rues est pr\u00e9vue d\u00e8s 5h du matin et uniquement avec le carton laisser-passer qui vous sera remis lors de votre inscription. Les routes destin\u00e9es\u00a0\u00e0 la foire sont ferm\u00e9es\u00a0\u00e0 la circulation d\u00e8s le &hellip; <\/p>\n<p class=\"link-more\"><a href=\"https:\/\/www.foiredelasaintebarbe.fr\/?page_id=19\" class=\"more-link\">Continuer la lecture<span class=\"screen-reader-text\"> de &laquo;&nbsp;Questions&nbsp;&raquo;<\/span><\/a><\/p>\n","protected":false},"author":1,"featured_media":0,"parent":0,"menu_order":0,"comment_status":"closed","ping_status":"closed","template":"","meta":{"footnotes":""},"class_list":["post-19","page","type-page","status-publish","hentry"],"yoast_head":"<!-- This site is optimized with the Yoast SEO plugin v27.2 - https:\/\/yoast.com\/product\/yoast-seo-wordpress\/ -->\n<title>Questions - Foire de la Sainte Barbe<\/title>\n<meta name=\"robots\" content=\"index, follow, max-snippet:-1, max-image-preview:large, max-video-preview:-1\" \/>\n<link rel=\"canonical\" href=\"https:\/\/www.foiredelasaintebarbe.fr\/?page_id=19\" \/>\n<meta property=\"og:locale\" content=\"fr_FR\" \/>\n<meta property=\"og:type\" content=\"article\" \/>\n<meta property=\"og:title\" content=\"Questions - Foire de la Sainte Barbe\" \/>\n<meta property=\"og:description\" content=\"Est-ce-que je peux venir installer mon stand le samedi soir si je souhaite un stand commercial ? Malheureusement non, l&rsquo;installation des forains des rues est pr\u00e9vue d\u00e8s 5h du matin et uniquement avec le carton laisser-passer qui vous sera remis lors de votre inscription. Les routes destin\u00e9es\u00a0\u00e0 la foire sont ferm\u00e9es\u00a0\u00e0 la circulation d\u00e8s le &hellip; Continuer la lecture de &laquo;&nbsp;Questions&nbsp;&raquo;\" \/>\n<meta property=\"og:url\" content=\"https:\/\/www.foiredelasaintebarbe.fr\/?page_id=19\" \/>\n<meta property=\"og:site_name\" content=\"Foire de la Sainte Barbe\" \/>\n<meta property=\"article:modified_time\" content=\"2019-10-17T18:55:09+00:00\" \/>\n<meta name=\"twitter:card\" content=\"summary_large_image\" \/>\n<meta name=\"twitter:label1\" content=\"Dur\u00e9e de lecture estim\u00e9e\" \/>\n\t<meta name=\"twitter:data1\" content=\"2 minutes\" \/>\n<script type=\"application\/ld+json\" class=\"yoast-schema-graph\">{\"@context\":\"https:\/\/schema.org\",\"@graph\":[{\"@type\":\"WebPage\",\"@id\":\"https:\/\/www.foiredelasaintebarbe.fr\/?page_id=19\",\"url\":\"https:\/\/www.foiredelasaintebarbe.fr\/?page_id=19\",\"name\":\"Questions - Foire de la Sainte Barbe\",\"isPartOf\":{\"@id\":\"http:\/\/www.foiredelasaintebarbe.fr\/#website\"},\"datePublished\":\"2017-07-24T15:47:00+00:00\",\"dateModified\":\"2019-10-17T18:55:09+00:00\",\"breadcrumb\":{\"@id\":\"https:\/\/www.foiredelasaintebarbe.fr\/?page_id=19#breadcrumb\"},\"inLanguage\":\"fr-FR\",\"potentialAction\":[{\"@type\":\"ReadAction\",\"target\":[\"https:\/\/www.foiredelasaintebarbe.fr\/?page_id=19\"]}]},{\"@type\":\"BreadcrumbList\",\"@id\":\"https:\/\/www.foiredelasaintebarbe.fr\/?page_id=19#breadcrumb\",\"itemListElement\":[{\"@type\":\"ListItem\",\"position\":1,\"name\":\"Accueil\",\"item\":\"http:\/\/www.foiredelasaintebarbe.fr\/\"},{\"@type\":\"ListItem\",\"position\":2,\"name\":\"Questions\"}]},{\"@type\":\"WebSite\",\"@id\":\"http:\/\/www.foiredelasaintebarbe.fr\/#website\",\"url\":\"http:\/\/www.foiredelasaintebarbe.fr\/\",\"name\":\"Foire de la Sainte Barbe\",\"description\":\"\",\"publisher\":{\"@id\":\"http:\/\/www.foiredelasaintebarbe.fr\/#organization\"},\"potentialAction\":[{\"@type\":\"SearchAction\",\"target\":{\"@type\":\"EntryPoint\",\"urlTemplate\":\"http:\/\/www.foiredelasaintebarbe.fr\/?s={search_term_string}\"},\"query-input\":{\"@type\":\"PropertyValueSpecification\",\"valueRequired\":true,\"valueName\":\"search_term_string\"}}],\"inLanguage\":\"fr-FR\"},{\"@type\":\"Organization\",\"@id\":\"http:\/\/www.foiredelasaintebarbe.fr\/#organization\",\"name\":\"foire de la sainte-barbe\",\"url\":\"http:\/\/www.foiredelasaintebarbe.fr\/\",\"logo\":{\"@type\":\"ImageObject\",\"inLanguage\":\"fr-FR\",\"@id\":\"http:\/\/www.foiredelasaintebarbe.fr\/#\/schema\/logo\/image\/\",\"url\":\"http:\/\/www.foiredelasaintebarbe.fr\/wp-content\/uploads\/2017\/07\/saint-barbe-bleu-icon.jpg\",\"contentUrl\":\"http:\/\/www.foiredelasaintebarbe.fr\/wp-content\/uploads\/2017\/07\/saint-barbe-bleu-icon.jpg\",\"width\":512,\"height\":515,\"caption\":\"foire de la sainte-barbe\"},\"image\":{\"@id\":\"http:\/\/www.foiredelasaintebarbe.fr\/#\/schema\/logo\/image\/\"}}]}<\/script>\n<!-- \/ Yoast SEO plugin. -->","yoast_head_json":{"title":"Questions - Foire de la Sainte Barbe","robots":{"index":"index","follow":"follow","max-snippet":"max-snippet:-1","max-image-preview":"max-image-preview:large","max-video-preview":"max-video-preview:-1"},"canonical":"https:\/\/www.foiredelasaintebarbe.fr\/?page_id=19","og_locale":"fr_FR","og_type":"article","og_title":"Questions - Foire de la Sainte Barbe","og_description":"Est-ce-que je peux venir installer mon stand le samedi soir si je souhaite un stand commercial ? Malheureusement non, l&rsquo;installation des forains des rues est pr\u00e9vue d\u00e8s 5h du matin et uniquement avec le carton laisser-passer qui vous sera remis lors de votre inscription. Les routes destin\u00e9es\u00a0\u00e0 la foire sont ferm\u00e9es\u00a0\u00e0 la circulation d\u00e8s le &hellip; Continuer la lecture de &laquo;&nbsp;Questions&nbsp;&raquo;","og_url":"https:\/\/www.foiredelasaintebarbe.fr\/?page_id=19","og_site_name":"Foire de la Sainte Barbe","article_modified_time":"2019-10-17T18:55:09+00:00","twitter_card":"summary_large_image","twitter_misc":{"Dur\u00e9e de lecture estim\u00e9e":"2 minutes"},"schema":{"@context":"https:\/\/schema.org","@graph":[{"@type":"WebPage","@id":"https:\/\/www.foiredelasaintebarbe.fr\/?page_id=19","url":"https:\/\/www.foiredelasaintebarbe.fr\/?page_id=19","name":"Questions - Foire de la Sainte Barbe","isPartOf":{"@id":"http:\/\/www.foiredelasaintebarbe.fr\/#website"},"datePublished":"2017-07-24T15:47:00+00:00","dateModified":"2019-10-17T18:55:09+00:00","breadcrumb":{"@id":"https:\/\/www.foiredelasaintebarbe.fr\/?page_id=19#breadcrumb"},"inLanguage":"fr-FR","potentialAction":[{"@type":"ReadAction","target":["https:\/\/www.foiredelasaintebarbe.fr\/?page_id=19"]}]},{"@type":"BreadcrumbList","@id":"https:\/\/www.foiredelasaintebarbe.fr\/?page_id=19#breadcrumb","itemListElement":[{"@type":"ListItem","position":1,"name":"Accueil","item":"http:\/\/www.foiredelasaintebarbe.fr\/"},{"@type":"ListItem","position":2,"name":"Questions"}]},{"@type":"WebSite","@id":"http:\/\/www.foiredelasaintebarbe.fr\/#website","url":"http:\/\/www.foiredelasaintebarbe.fr\/","name":"Foire de la Sainte Barbe","description":"","publisher":{"@id":"http:\/\/www.foiredelasaintebarbe.fr\/#organization"},"potentialAction":[{"@type":"SearchAction","target":{"@type":"EntryPoint","urlTemplate":"http:\/\/www.foiredelasaintebarbe.fr\/?s={search_term_string}"},"query-input":{"@type":"PropertyValueSpecification","valueRequired":true,"valueName":"search_term_string"}}],"inLanguage":"fr-FR"},{"@type":"Organization","@id":"http:\/\/www.foiredelasaintebarbe.fr\/#organization","name":"foire de la sainte-barbe","url":"http:\/\/www.foiredelasaintebarbe.fr\/","logo":{"@type":"ImageObject","inLanguage":"fr-FR","@id":"http:\/\/www.foiredelasaintebarbe.fr\/#\/schema\/logo\/image\/","url":"http:\/\/www.foiredelasaintebarbe.fr\/wp-content\/uploads\/2017\/07\/saint-barbe-bleu-icon.jpg","contentUrl":"http:\/\/www.foiredelasaintebarbe.fr\/wp-content\/uploads\/2017\/07\/saint-barbe-bleu-icon.jpg","width":512,"height":515,"caption":"foire de la sainte-barbe"},"image":{"@id":"http:\/\/www.foiredelasaintebarbe.fr\/#\/schema\/logo\/image\/"}}]}},"_links":{"self":[{"href":"https:\/\/www.foiredelasaintebarbe.fr\/index.php?rest_route=\/wp\/v2\/pages\/19","targetHints":{"allow":["GET"]}}],"collection":[{"href":"https:\/\/www.foiredelasaintebarbe.fr\/index.php?rest_route=\/wp\/v2\/pages"}],"about":[{"href":"https:\/\/www.foiredelasaintebarbe.fr\/index.php?rest_route=\/wp\/v2\/types\/page"}],"author":[{"embeddable":true,"href":"https:\/\/www.foiredelasaintebarbe.fr\/index.php?rest_route=\/wp\/v2\/users\/1"}],"replies":[{"embeddable":true,"href":"https:\/\/www.foiredelasaintebarbe.fr\/index.php?rest_route=%2Fwp%2Fv2%2Fcomments&post=19"}],"version-history":[{"count":5,"href":"https:\/\/www.foiredelasaintebarbe.fr\/index.php?rest_route=\/wp\/v2\/pages\/19\/revisions"}],"predecessor-version":[{"id":2452,"href":"https:\/\/www.foiredelasaintebarbe.fr\/index.php?rest_route=\/wp\/v2\/pages\/19\/revisions\/2452"}],"wp:attachment":[{"href":"https:\/\/www.foiredelasaintebarbe.fr\/index.php?rest_route=%2Fwp%2Fv2%2Fmedia&parent=19"}],"curies":[{"name":"wp","href":"https:\/\/api.w.org\/{rel}","templated":true}]}}