{"id":30,"date":"2017-07-25T08:08:49","date_gmt":"2017-07-25T08:08:49","guid":{"rendered":"http:\/\/saintebarbe.skiclubmauricetieche.fr\/?page_id=30"},"modified":"2017-08-01T12:06:45","modified_gmt":"2017-08-01T12:06:45","slug":"situation","status":"publish","type":"page","link":"https:\/\/www.foiredelasaintebarbe.fr\/?page_id=30","title":{"rendered":"Situation"},"content":{"rendered":"<p>La foire de la Sainte Barbe se situe sur la commune de <a title=\"site de la commune de Collonges sous Saleve\" href=\"http:\/\/www.collonges-sous-saleve.fr\/\" target=\"_blank\" rel=\"noopener\">Collonges sous Sal\u00e8ve<\/a> en Haute Savoie, <img decoding=\"async\" class=\"wp-image-52 alignleft\" src=\"http:\/\/saintebarbe.skiclubmauricetieche.fr\/wp-content\/uploads\/2017\/07\/saint-barbe-bleu-icon-298x300.jpg\" alt=\"\" width=\"169\" height=\"170\" srcset=\"https:\/\/www.foiredelasaintebarbe.fr\/wp-content\/uploads\/2017\/07\/saint-barbe-bleu-icon-298x300.jpg 298w, https:\/\/www.foiredelasaintebarbe.fr\/wp-content\/uploads\/2017\/07\/saint-barbe-bleu-icon-150x150.jpg 150w, https:\/\/www.foiredelasaintebarbe.fr\/wp-content\/uploads\/2017\/07\/saint-barbe-bleu-icon.jpg 512w\" sizes=\"(max-width: 169px) 100vw, 169px\" \/>aux portes de la Suisse, sur les flancs du Mont-Sal\u00e8ve, \u00e0 mi-chemin entre Saint-Julien-en-Genevois et Annemasse.<\/p>\n<p>&nbsp;<\/p>\n<p>&nbsp;<\/p>\n<p>&nbsp;<\/p>\n<p style=\"text-align: center;\"><a title=\"Google Map, Collonges Sous Sal\u00e8ve\" href=\"http:\/\/maps.google.fr\/maps?q=collonges+sous+saleve&amp;hl=fr&amp;ie=UTF8&amp;ll=46.139523,6.14522&amp;spn=0.038241,0.090895&amp;sll=46.75984,1.738281&amp;sspn=8.913052,23.093262&amp;hnear=Collonges-sous-Sal%C3%A8ve,+Haute-Savoie,+Rh%C3%B4ne-Alpes&amp;t=m&amp;z=14&amp;iwloc=A\" target=\"_blank\" rel=\"noopener\">Ouvrir le plan dans Google Map<\/a><\/p>\n<p><img fetchpriority=\"high\" decoding=\"async\" class=\"size-medium wp-image-31 aligncenter\" src=\"http:\/\/saintebarbe.skiclubmauricetieche.fr\/wp-content\/uploads\/2017\/07\/Mapscollonges-300x248.png\" alt=\"\" width=\"300\" height=\"248\" srcset=\"https:\/\/www.foiredelasaintebarbe.fr\/wp-content\/uploads\/2017\/07\/Mapscollonges-300x248.png 300w, https:\/\/www.foiredelasaintebarbe.fr\/wp-content\/uploads\/2017\/07\/Mapscollonges-362x300.png 362w, https:\/\/www.foiredelasaintebarbe.fr\/wp-content\/uploads\/2017\/07\/Mapscollonges.png 750w\" sizes=\"(max-width: 300px) 100vw, 300px\" \/><\/p>\n","protected":false},"excerpt":{"rendered":"<p>La foire de la Sainte Barbe se situe sur la commune de Collonges sous Sal\u00e8ve en Haute Savoie, aux portes de la Suisse, sur les flancs du Mont-Sal\u00e8ve, \u00e0 mi-chemin entre Saint-Julien-en-Genevois et Annemasse. &nbsp; &nbsp; &nbsp; Ouvrir le plan dans Google Map<\/p>\n","protected":false},"author":1,"featured_media":0,"parent":0,"menu_order":0,"comment_status":"closed","ping_status":"closed","template":"","meta":{"footnotes":""},"class_list":["post-30","page","type-page","status-publish","hentry"],"yoast_head":"<!-- This site is optimized with the Yoast SEO plugin v27.2 - https:\/\/yoast.com\/product\/yoast-seo-wordpress\/ -->\n<title>Situation - Foire de la Sainte Barbe<\/title>\n<meta name=\"robots\" content=\"index, follow, max-snippet:-1, max-image-preview:large, max-video-preview:-1\" \/>\n<link rel=\"canonical\" href=\"http:\/\/www.foiredelasaintebarbe.fr\/?page_id=30\" \/>\n<meta property=\"og:locale\" content=\"fr_FR\" \/>\n<meta property=\"og:type\" content=\"article\" \/>\n<meta property=\"og:title\" content=\"Situation - Foire de la Sainte Barbe\" \/>\n<meta property=\"og:description\" content=\"La foire de la Sainte Barbe se situe sur la commune de Collonges sous Sal\u00e8ve en Haute Savoie, aux portes de la Suisse, sur les flancs du Mont-Sal\u00e8ve, \u00e0 mi-chemin entre Saint-Julien-en-Genevois et Annemasse. &nbsp; &nbsp; &nbsp; Ouvrir le plan dans Google Map\" \/>\n<meta property=\"og:url\" content=\"http:\/\/www.foiredelasaintebarbe.fr\/?page_id=30\" \/>\n<meta property=\"og:site_name\" content=\"Foire de la Sainte Barbe\" \/>\n<meta property=\"article:modified_time\" content=\"2017-08-01T12:06:45+00:00\" \/>\n<meta property=\"og:image\" content=\"http:\/\/saintebarbe.skiclubmauricetieche.fr\/wp-content\/uploads\/2017\/07\/saint-barbe-bleu-icon-298x300.jpg\" \/>\n<meta name=\"twitter:card\" content=\"summary_large_image\" \/>\n<script type=\"application\/ld+json\" class=\"yoast-schema-graph\">{\"@context\":\"https:\/\/schema.org\",\"@graph\":[{\"@type\":\"WebPage\",\"@id\":\"http:\/\/www.foiredelasaintebarbe.fr\/?page_id=30\",\"url\":\"http:\/\/www.foiredelasaintebarbe.fr\/?page_id=30\",\"name\":\"Situation - Foire de la Sainte Barbe\",\"isPartOf\":{\"@id\":\"https:\/\/www.foiredelasaintebarbe.fr\/#website\"},\"primaryImageOfPage\":{\"@id\":\"http:\/\/www.foiredelasaintebarbe.fr\/?page_id=30#primaryimage\"},\"image\":{\"@id\":\"http:\/\/www.foiredelasaintebarbe.fr\/?page_id=30#primaryimage\"},\"thumbnailUrl\":\"http:\/\/saintebarbe.skiclubmauricetieche.fr\/wp-content\/uploads\/2017\/07\/saint-barbe-bleu-icon-298x300.jpg\",\"datePublished\":\"2017-07-25T08:08:49+00:00\",\"dateModified\":\"2017-08-01T12:06:45+00:00\",\"breadcrumb\":{\"@id\":\"http:\/\/www.foiredelasaintebarbe.fr\/?page_id=30#breadcrumb\"},\"inLanguage\":\"fr-FR\",\"potentialAction\":[{\"@type\":\"ReadAction\",\"target\":[\"http:\/\/www.foiredelasaintebarbe.fr\/?page_id=30\"]}]},{\"@type\":\"ImageObject\",\"inLanguage\":\"fr-FR\",\"@id\":\"http:\/\/www.foiredelasaintebarbe.fr\/?page_id=30#primaryimage\",\"url\":\"http:\/\/saintebarbe.skiclubmauricetieche.fr\/wp-content\/uploads\/2017\/07\/saint-barbe-bleu-icon-298x300.jpg\",\"contentUrl\":\"http:\/\/saintebarbe.skiclubmauricetieche.fr\/wp-content\/uploads\/2017\/07\/saint-barbe-bleu-icon-298x300.jpg\"},{\"@type\":\"BreadcrumbList\",\"@id\":\"http:\/\/www.foiredelasaintebarbe.fr\/?page_id=30#breadcrumb\",\"itemListElement\":[{\"@type\":\"ListItem\",\"position\":1,\"name\":\"Accueil\",\"item\":\"https:\/\/www.foiredelasaintebarbe.fr\/\"},{\"@type\":\"ListItem\",\"position\":2,\"name\":\"Situation\"}]},{\"@type\":\"WebSite\",\"@id\":\"https:\/\/www.foiredelasaintebarbe.fr\/#website\",\"url\":\"https:\/\/www.foiredelasaintebarbe.fr\/\",\"name\":\"Foire de la Sainte Barbe\",\"description\":\"\",\"publisher\":{\"@id\":\"https:\/\/www.foiredelasaintebarbe.fr\/#organization\"},\"potentialAction\":[{\"@type\":\"SearchAction\",\"target\":{\"@type\":\"EntryPoint\",\"urlTemplate\":\"https:\/\/www.foiredelasaintebarbe.fr\/?s={search_term_string}\"},\"query-input\":{\"@type\":\"PropertyValueSpecification\",\"valueRequired\":true,\"valueName\":\"search_term_string\"}}],\"inLanguage\":\"fr-FR\"},{\"@type\":\"Organization\",\"@id\":\"https:\/\/www.foiredelasaintebarbe.fr\/#organization\",\"name\":\"foire de la sainte-barbe\",\"url\":\"https:\/\/www.foiredelasaintebarbe.fr\/\",\"logo\":{\"@type\":\"ImageObject\",\"inLanguage\":\"fr-FR\",\"@id\":\"https:\/\/www.foiredelasaintebarbe.fr\/#\/schema\/logo\/image\/\",\"url\":\"http:\/\/www.foiredelasaintebarbe.fr\/wp-content\/uploads\/2017\/07\/saint-barbe-bleu-icon.jpg\",\"contentUrl\":\"http:\/\/www.foiredelasaintebarbe.fr\/wp-content\/uploads\/2017\/07\/saint-barbe-bleu-icon.jpg\",\"width\":512,\"height\":515,\"caption\":\"foire de la sainte-barbe\"},\"image\":{\"@id\":\"https:\/\/www.foiredelasaintebarbe.fr\/#\/schema\/logo\/image\/\"}}]}<\/script>\n<!-- \/ Yoast SEO plugin. -->","yoast_head_json":{"title":"Situation - Foire de la Sainte Barbe","robots":{"index":"index","follow":"follow","max-snippet":"max-snippet:-1","max-image-preview":"max-image-preview:large","max-video-preview":"max-video-preview:-1"},"canonical":"http:\/\/www.foiredelasaintebarbe.fr\/?page_id=30","og_locale":"fr_FR","og_type":"article","og_title":"Situation - Foire de la Sainte Barbe","og_description":"La foire de la Sainte Barbe se situe sur la commune de Collonges sous Sal\u00e8ve en Haute Savoie, aux portes de la Suisse, sur les flancs du Mont-Sal\u00e8ve, \u00e0 mi-chemin entre Saint-Julien-en-Genevois et Annemasse. &nbsp; &nbsp; &nbsp; Ouvrir le plan dans Google Map","og_url":"http:\/\/www.foiredelasaintebarbe.fr\/?page_id=30","og_site_name":"Foire de la Sainte Barbe","article_modified_time":"2017-08-01T12:06:45+00:00","og_image":[{"url":"http:\/\/saintebarbe.skiclubmauricetieche.fr\/wp-content\/uploads\/2017\/07\/saint-barbe-bleu-icon-298x300.jpg","type":"","width":"","height":""}],"twitter_card":"summary_large_image","schema":{"@context":"https:\/\/schema.org","@graph":[{"@type":"WebPage","@id":"http:\/\/www.foiredelasaintebarbe.fr\/?page_id=30","url":"http:\/\/www.foiredelasaintebarbe.fr\/?page_id=30","name":"Situation - Foire de la Sainte Barbe","isPartOf":{"@id":"https:\/\/www.foiredelasaintebarbe.fr\/#website"},"primaryImageOfPage":{"@id":"http:\/\/www.foiredelasaintebarbe.fr\/?page_id=30#primaryimage"},"image":{"@id":"http:\/\/www.foiredelasaintebarbe.fr\/?page_id=30#primaryimage"},"thumbnailUrl":"http:\/\/saintebarbe.skiclubmauricetieche.fr\/wp-content\/uploads\/2017\/07\/saint-barbe-bleu-icon-298x300.jpg","datePublished":"2017-07-25T08:08:49+00:00","dateModified":"2017-08-01T12:06:45+00:00","breadcrumb":{"@id":"http:\/\/www.foiredelasaintebarbe.fr\/?page_id=30#breadcrumb"},"inLanguage":"fr-FR","potentialAction":[{"@type":"ReadAction","target":["http:\/\/www.foiredelasaintebarbe.fr\/?page_id=30"]}]},{"@type":"ImageObject","inLanguage":"fr-FR","@id":"http:\/\/www.foiredelasaintebarbe.fr\/?page_id=30#primaryimage","url":"http:\/\/saintebarbe.skiclubmauricetieche.fr\/wp-content\/uploads\/2017\/07\/saint-barbe-bleu-icon-298x300.jpg","contentUrl":"http:\/\/saintebarbe.skiclubmauricetieche.fr\/wp-content\/uploads\/2017\/07\/saint-barbe-bleu-icon-298x300.jpg"},{"@type":"BreadcrumbList","@id":"http:\/\/www.foiredelasaintebarbe.fr\/?page_id=30#breadcrumb","itemListElement":[{"@type":"ListItem","position":1,"name":"Accueil","item":"https:\/\/www.foiredelasaintebarbe.fr\/"},{"@type":"ListItem","position":2,"name":"Situation"}]},{"@type":"WebSite","@id":"https:\/\/www.foiredelasaintebarbe.fr\/#website","url":"https:\/\/www.foiredelasaintebarbe.fr\/","name":"Foire de la Sainte Barbe","description":"","publisher":{"@id":"https:\/\/www.foiredelasaintebarbe.fr\/#organization"},"potentialAction":[{"@type":"SearchAction","target":{"@type":"EntryPoint","urlTemplate":"https:\/\/www.foiredelasaintebarbe.fr\/?s={search_term_string}"},"query-input":{"@type":"PropertyValueSpecification","valueRequired":true,"valueName":"search_term_string"}}],"inLanguage":"fr-FR"},{"@type":"Organization","@id":"https:\/\/www.foiredelasaintebarbe.fr\/#organization","name":"foire de la sainte-barbe","url":"https:\/\/www.foiredelasaintebarbe.fr\/","logo":{"@type":"ImageObject","inLanguage":"fr-FR","@id":"https:\/\/www.foiredelasaintebarbe.fr\/#\/schema\/logo\/image\/","url":"http:\/\/www.foiredelasaintebarbe.fr\/wp-content\/uploads\/2017\/07\/saint-barbe-bleu-icon.jpg","contentUrl":"http:\/\/www.foiredelasaintebarbe.fr\/wp-content\/uploads\/2017\/07\/saint-barbe-bleu-icon.jpg","width":512,"height":515,"caption":"foire de la sainte-barbe"},"image":{"@id":"https:\/\/www.foiredelasaintebarbe.fr\/#\/schema\/logo\/image\/"}}]}},"_links":{"self":[{"href":"https:\/\/www.foiredelasaintebarbe.fr\/index.php?rest_route=\/wp\/v2\/pages\/30","targetHints":{"allow":["GET"]}}],"collection":[{"href":"https:\/\/www.foiredelasaintebarbe.fr\/index.php?rest_route=\/wp\/v2\/pages"}],"about":[{"href":"https:\/\/www.foiredelasaintebarbe.fr\/index.php?rest_route=\/wp\/v2\/types\/page"}],"author":[{"embeddable":true,"href":"https:\/\/www.foiredelasaintebarbe.fr\/index.php?rest_route=\/wp\/v2\/users\/1"}],"replies":[{"embeddable":true,"href":"https:\/\/www.foiredelasaintebarbe.fr\/index.php?rest_route=%2Fwp%2Fv2%2Fcomments&post=30"}],"version-history":[{"count":7,"href":"https:\/\/www.foiredelasaintebarbe.fr\/index.php?rest_route=\/wp\/v2\/pages\/30\/revisions"}],"predecessor-version":[{"id":2171,"href":"https:\/\/www.foiredelasaintebarbe.fr\/index.php?rest_route=\/wp\/v2\/pages\/30\/revisions\/2171"}],"wp:attachment":[{"href":"https:\/\/www.foiredelasaintebarbe.fr\/index.php?rest_route=%2Fwp%2Fv2%2Fmedia&parent=30"}],"curies":[{"name":"wp","href":"https:\/\/api.w.org\/{rel}","templated":true}]}}