{"id":79,"date":"2017-07-25T14:14:10","date_gmt":"2017-07-25T14:14:10","guid":{"rendered":"http:\/\/saintebarbe.skiclubmauricetieche.fr\/?page_id=79"},"modified":"2025-06-17T21:34:10","modified_gmt":"2025-06-17T21:34:10","slug":"maneges","status":"publish","type":"page","link":"https:\/\/www.foiredelasaintebarbe.fr\/?page_id=79","title":{"rendered":"Man\u00e8ges"},"content":{"rendered":"\t\t<div data-elementor-type=\"wp-page\" data-elementor-id=\"79\" class=\"elementor elementor-79\">\n\t\t\t\t\t\t<section class=\"elementor-section elementor-top-section elementor-element elementor-element-47f911d elementor-section-boxed elementor-section-height-default elementor-section-height-default\" data-id=\"47f911d\" data-element_type=\"section\" data-e-type=\"section\">\n\t\t\t\t\t\t<div class=\"elementor-container elementor-column-gap-default\">\n\t\t\t\t\t<div class=\"elementor-column elementor-col-100 elementor-top-column elementor-element elementor-element-20b86573\" data-id=\"20b86573\" data-element_type=\"column\" data-e-type=\"column\">\n\t\t\t<div class=\"elementor-widget-wrap elementor-element-populated\">\n\t\t\t\t\t\t<div class=\"elementor-element elementor-element-5517dd06 elementor-widget elementor-widget-text-editor\" data-id=\"5517dd06\" data-element_type=\"widget\" data-e-type=\"widget\" data-widget_type=\"text-editor.default\">\n\t\t\t\t<div class=\"elementor-widget-container\">\n\t\t\t\t\t\t\t\t\t<p style=\"text-align: center;\">En 2025 et pour la 40\u00e8me foire, les man\u00e8ges seront pr\u00e9sents <strong><span style=\"color: #7ab3d9;\">sur la place du march\u00e9<\/span> <span style=\"color: #7ab3d9;\">d\u00e8s le mercredi 26 novembre <\/span><\/strong>\u00a0jusqu&rsquo;au <strong><span style=\"color: #7ab3d9;\">dimanche 30 novembre 2025 (A CONFIRMER)<\/span><\/strong><\/p><p style=\"text-align: center;\"><strong><span style=\"color: #7ab3d9;\">Installation le mardi 25 novembre 2025\u00a0<\/span><\/strong><span style=\"color: #7ab3d9; font-weight: bold; font-size: 1rem;\">(A CONFIRMER)<\/span><\/p><p style=\"text-align: center;\">pour toute inscription ou renseignements merci de nous contacter par email <a href=\"mailto:foraindesrues@foiredelasaintebarbe.fr\">foraindesrues@foiredelasaintebarbe.fr<\/a><\/p>\t\t\t\t\t\t\t\t<\/div>\n\t\t\t\t<\/div>\n\t\t\t\t\t<\/div>\n\t\t<\/div>\n\t\t\t\t\t<\/div>\n\t\t<\/section>\n\t\t\t\t<\/div>\n\t\t","protected":false},"excerpt":{"rendered":"<p>En 2025 et pour la 40\u00e8me foire, les man\u00e8ges seront pr\u00e9sents sur la place du march\u00e9 d\u00e8s le mercredi 26 novembre \u00a0jusqu&rsquo;au dimanche 30 novembre 2025 (A CONFIRMER) Installation le mardi 25 novembre 2025\u00a0(A CONFIRMER) pour toute inscription ou renseignements merci de nous contacter par email foraindesrues@foiredelasaintebarbe.fr<\/p>\n","protected":false},"author":1,"featured_media":0,"parent":0,"menu_order":0,"comment_status":"closed","ping_status":"closed","template":"","meta":{"footnotes":""},"class_list":["post-79","page","type-page","status-publish","hentry"],"yoast_head":"<!-- This site is optimized with the Yoast SEO plugin v27.2 - https:\/\/yoast.com\/product\/yoast-seo-wordpress\/ -->\n<title>Man\u00e8ges - Foire de la Sainte Barbe<\/title>\n<meta name=\"robots\" content=\"index, follow, max-snippet:-1, max-image-preview:large, max-video-preview:-1\" \/>\n<link rel=\"canonical\" href=\"http:\/\/www.foiredelasaintebarbe.fr\/?page_id=79\" \/>\n<meta property=\"og:locale\" content=\"fr_FR\" \/>\n<meta property=\"og:type\" content=\"article\" \/>\n<meta property=\"og:title\" content=\"Man\u00e8ges - Foire de la Sainte Barbe\" \/>\n<meta property=\"og:description\" content=\"En 2025 et pour la 40\u00e8me foire, les man\u00e8ges seront pr\u00e9sents sur la place du march\u00e9 d\u00e8s le mercredi 26 novembre \u00a0jusqu&rsquo;au dimanche 30 novembre 2025 (A CONFIRMER) Installation le mardi 25 novembre 2025\u00a0(A CONFIRMER) pour toute inscription ou renseignements merci de nous contacter par email foraindesrues@foiredelasaintebarbe.fr\" \/>\n<meta property=\"og:url\" content=\"http:\/\/www.foiredelasaintebarbe.fr\/?page_id=79\" \/>\n<meta property=\"og:site_name\" content=\"Foire de la Sainte Barbe\" \/>\n<meta property=\"article:modified_time\" content=\"2025-06-17T21:34:10+00:00\" \/>\n<meta name=\"twitter:card\" content=\"summary_large_image\" \/>\n<script type=\"application\/ld+json\" class=\"yoast-schema-graph\">{\"@context\":\"https:\/\/schema.org\",\"@graph\":[{\"@type\":\"WebPage\",\"@id\":\"http:\/\/www.foiredelasaintebarbe.fr\/?page_id=79\",\"url\":\"http:\/\/www.foiredelasaintebarbe.fr\/?page_id=79\",\"name\":\"Man\u00e8ges - Foire de la Sainte Barbe\",\"isPartOf\":{\"@id\":\"http:\/\/www.foiredelasaintebarbe.fr\/#website\"},\"datePublished\":\"2017-07-25T14:14:10+00:00\",\"dateModified\":\"2025-06-17T21:34:10+00:00\",\"breadcrumb\":{\"@id\":\"http:\/\/www.foiredelasaintebarbe.fr\/?page_id=79#breadcrumb\"},\"inLanguage\":\"fr-FR\",\"potentialAction\":[{\"@type\":\"ReadAction\",\"target\":[\"http:\/\/www.foiredelasaintebarbe.fr\/?page_id=79\"]}]},{\"@type\":\"BreadcrumbList\",\"@id\":\"http:\/\/www.foiredelasaintebarbe.fr\/?page_id=79#breadcrumb\",\"itemListElement\":[{\"@type\":\"ListItem\",\"position\":1,\"name\":\"Accueil\",\"item\":\"http:\/\/www.foiredelasaintebarbe.fr\/\"},{\"@type\":\"ListItem\",\"position\":2,\"name\":\"Man\u00e8ges\"}]},{\"@type\":\"WebSite\",\"@id\":\"http:\/\/www.foiredelasaintebarbe.fr\/#website\",\"url\":\"http:\/\/www.foiredelasaintebarbe.fr\/\",\"name\":\"Foire de la Sainte Barbe\",\"description\":\"\",\"publisher\":{\"@id\":\"http:\/\/www.foiredelasaintebarbe.fr\/#organization\"},\"potentialAction\":[{\"@type\":\"SearchAction\",\"target\":{\"@type\":\"EntryPoint\",\"urlTemplate\":\"http:\/\/www.foiredelasaintebarbe.fr\/?s={search_term_string}\"},\"query-input\":{\"@type\":\"PropertyValueSpecification\",\"valueRequired\":true,\"valueName\":\"search_term_string\"}}],\"inLanguage\":\"fr-FR\"},{\"@type\":\"Organization\",\"@id\":\"http:\/\/www.foiredelasaintebarbe.fr\/#organization\",\"name\":\"foire de la sainte-barbe\",\"url\":\"http:\/\/www.foiredelasaintebarbe.fr\/\",\"logo\":{\"@type\":\"ImageObject\",\"inLanguage\":\"fr-FR\",\"@id\":\"http:\/\/www.foiredelasaintebarbe.fr\/#\/schema\/logo\/image\/\",\"url\":\"http:\/\/www.foiredelasaintebarbe.fr\/wp-content\/uploads\/2017\/07\/saint-barbe-bleu-icon.jpg\",\"contentUrl\":\"http:\/\/www.foiredelasaintebarbe.fr\/wp-content\/uploads\/2017\/07\/saint-barbe-bleu-icon.jpg\",\"width\":512,\"height\":515,\"caption\":\"foire de la sainte-barbe\"},\"image\":{\"@id\":\"http:\/\/www.foiredelasaintebarbe.fr\/#\/schema\/logo\/image\/\"}}]}<\/script>\n<!-- \/ Yoast SEO plugin. -->","yoast_head_json":{"title":"Man\u00e8ges - Foire de la Sainte Barbe","robots":{"index":"index","follow":"follow","max-snippet":"max-snippet:-1","max-image-preview":"max-image-preview:large","max-video-preview":"max-video-preview:-1"},"canonical":"http:\/\/www.foiredelasaintebarbe.fr\/?page_id=79","og_locale":"fr_FR","og_type":"article","og_title":"Man\u00e8ges - Foire de la Sainte Barbe","og_description":"En 2025 et pour la 40\u00e8me foire, les man\u00e8ges seront pr\u00e9sents sur la place du march\u00e9 d\u00e8s le mercredi 26 novembre \u00a0jusqu&rsquo;au dimanche 30 novembre 2025 (A CONFIRMER) Installation le mardi 25 novembre 2025\u00a0(A CONFIRMER) pour toute inscription ou renseignements merci de nous contacter par email foraindesrues@foiredelasaintebarbe.fr","og_url":"http:\/\/www.foiredelasaintebarbe.fr\/?page_id=79","og_site_name":"Foire de la Sainte Barbe","article_modified_time":"2025-06-17T21:34:10+00:00","twitter_card":"summary_large_image","schema":{"@context":"https:\/\/schema.org","@graph":[{"@type":"WebPage","@id":"http:\/\/www.foiredelasaintebarbe.fr\/?page_id=79","url":"http:\/\/www.foiredelasaintebarbe.fr\/?page_id=79","name":"Man\u00e8ges - Foire de la Sainte Barbe","isPartOf":{"@id":"http:\/\/www.foiredelasaintebarbe.fr\/#website"},"datePublished":"2017-07-25T14:14:10+00:00","dateModified":"2025-06-17T21:34:10+00:00","breadcrumb":{"@id":"http:\/\/www.foiredelasaintebarbe.fr\/?page_id=79#breadcrumb"},"inLanguage":"fr-FR","potentialAction":[{"@type":"ReadAction","target":["http:\/\/www.foiredelasaintebarbe.fr\/?page_id=79"]}]},{"@type":"BreadcrumbList","@id":"http:\/\/www.foiredelasaintebarbe.fr\/?page_id=79#breadcrumb","itemListElement":[{"@type":"ListItem","position":1,"name":"Accueil","item":"http:\/\/www.foiredelasaintebarbe.fr\/"},{"@type":"ListItem","position":2,"name":"Man\u00e8ges"}]},{"@type":"WebSite","@id":"http:\/\/www.foiredelasaintebarbe.fr\/#website","url":"http:\/\/www.foiredelasaintebarbe.fr\/","name":"Foire de la Sainte Barbe","description":"","publisher":{"@id":"http:\/\/www.foiredelasaintebarbe.fr\/#organization"},"potentialAction":[{"@type":"SearchAction","target":{"@type":"EntryPoint","urlTemplate":"http:\/\/www.foiredelasaintebarbe.fr\/?s={search_term_string}"},"query-input":{"@type":"PropertyValueSpecification","valueRequired":true,"valueName":"search_term_string"}}],"inLanguage":"fr-FR"},{"@type":"Organization","@id":"http:\/\/www.foiredelasaintebarbe.fr\/#organization","name":"foire de la sainte-barbe","url":"http:\/\/www.foiredelasaintebarbe.fr\/","logo":{"@type":"ImageObject","inLanguage":"fr-FR","@id":"http:\/\/www.foiredelasaintebarbe.fr\/#\/schema\/logo\/image\/","url":"http:\/\/www.foiredelasaintebarbe.fr\/wp-content\/uploads\/2017\/07\/saint-barbe-bleu-icon.jpg","contentUrl":"http:\/\/www.foiredelasaintebarbe.fr\/wp-content\/uploads\/2017\/07\/saint-barbe-bleu-icon.jpg","width":512,"height":515,"caption":"foire de la sainte-barbe"},"image":{"@id":"http:\/\/www.foiredelasaintebarbe.fr\/#\/schema\/logo\/image\/"}}]}},"_links":{"self":[{"href":"https:\/\/www.foiredelasaintebarbe.fr\/index.php?rest_route=\/wp\/v2\/pages\/79","targetHints":{"allow":["GET"]}}],"collection":[{"href":"https:\/\/www.foiredelasaintebarbe.fr\/index.php?rest_route=\/wp\/v2\/pages"}],"about":[{"href":"https:\/\/www.foiredelasaintebarbe.fr\/index.php?rest_route=\/wp\/v2\/types\/page"}],"author":[{"embeddable":true,"href":"https:\/\/www.foiredelasaintebarbe.fr\/index.php?rest_route=\/wp\/v2\/users\/1"}],"replies":[{"embeddable":true,"href":"https:\/\/www.foiredelasaintebarbe.fr\/index.php?rest_route=%2Fwp%2Fv2%2Fcomments&post=79"}],"version-history":[{"count":9,"href":"https:\/\/www.foiredelasaintebarbe.fr\/index.php?rest_route=\/wp\/v2\/pages\/79\/revisions"}],"predecessor-version":[{"id":2605,"href":"https:\/\/www.foiredelasaintebarbe.fr\/index.php?rest_route=\/wp\/v2\/pages\/79\/revisions\/2605"}],"wp:attachment":[{"href":"https:\/\/www.foiredelasaintebarbe.fr\/index.php?rest_route=%2Fwp%2Fv2%2Fmedia&parent=79"}],"curies":[{"name":"wp","href":"https:\/\/api.w.org\/{rel}","templated":true}]}}